{"id":15,"date":"2026-01-27T22:57:21","date_gmt":"2026-01-27T22:57:21","guid":{"rendered":"https:\/\/ruemoliere.net\/?page_id=15"},"modified":"2026-03-06T19:47:29","modified_gmt":"2026-03-06T19:47:29","slug":"accueil","status":"publish","type":"page","link":"https:\/\/ruemoliere.net\/en\/","title":{"rendered":"Home"},"content":{"rendered":"<div data-elementor-type=\"wp-page\" data-elementor-id=\"15\" class=\"elementor elementor-15\" data-elementor-post-type=\"page\">\n\t\t\t\t<div class=\"elementor-element elementor-element-2851865 e-flex e-con-boxed e-con e-parent\" data-id=\"2851865\" data-element_type=\"container\" data-e-type=\"container\" data-settings=\"{&quot;background_background&quot;:&quot;classic&quot;}\">\n\t\t\t\t\t<div class=\"e-con-inner\">\n\t\t\t\t<div class=\"elementor-element elementor-element-3884b58 elementor-widget__width-initial elementor-invisible elementor-widget elementor-widget-heading\" data-id=\"3884b58\" data-element_type=\"widget\" data-e-type=\"widget\" data-settings=\"{&quot;_animation&quot;:&quot;fadeIn&quot;}\" data-widget_type=\"heading.default\">\n\t\t\t\t\t<h1 class=\"elementor-heading-title elementor-size-default\">Revealing the excellence of exceptional properties<\/h1>\t\t\t\t<\/div>\n\t\t\t\t<div class=\"elementor-element elementor-element-5a260f3 elementor-widget__width-initial elementor-invisible elementor-widget elementor-widget-heading\" data-id=\"5a260f3\" data-element_type=\"widget\" data-e-type=\"widget\" data-settings=\"{&quot;_animation&quot;:&quot;fadeIn&quot;}\" data-widget_type=\"heading.default\">\n\t\t\t\t\t<h2 class=\"elementor-heading-title elementor-size-default\">Rue Moli\u00e8re magnifies the know-how and identity of premium hotels &amp; restaurants,<br>through tailor-made social media strategies,<br>engaging, performance-oriented content.<\/h2>\t\t\t\t<\/div>\n\t\t\t\t\t<\/div>\n\t\t\t\t<\/div>\n\t\t<div class=\"elementor-element elementor-element-de86127 e-flex e-con-boxed e-con e-parent\" data-id=\"de86127\" data-element_type=\"container\" data-e-type=\"container\">\n\t\t\t\t\t<div class=\"e-con-inner\">\n\t\t\t\t<div class=\"elementor-element elementor-element-dddb848 elementor-invisible elementor-widget elementor-widget-heading\" data-id=\"dddb848\" data-element_type=\"widget\" data-e-type=\"widget\" data-settings=\"{&quot;_animation&quot;:&quot;fadeIn&quot;}\" data-widget_type=\"heading.default\">\n\t\t\t\t\t<h2 class=\"elementor-heading-title elementor-size-default\">Revealing excellence<\/h2>\t\t\t\t<\/div>\n\t\t\t\t<div class=\"elementor-element elementor-element-74a8100 elementor-widget__width-initial animated-slow elementor-widget-divider--view-line elementor-invisible elementor-widget elementor-widget-divider\" data-id=\"74a8100\" data-element_type=\"widget\" data-e-type=\"widget\" data-settings=\"{&quot;_animation&quot;:&quot;fadeIn&quot;}\" data-widget_type=\"divider.default\">\n\t\t\t\t\t\t\t<div class=\"elementor-divider\">\n\t\t\t<span class=\"elementor-divider-separator\">\n\t\t\t\t\t\t<\/span>\n\t\t<\/div>\n\t\t\t\t\t\t<\/div>\n\t\t<div class=\"elementor-element elementor-element-2105103 e-con-full animated-slow e-flex elementor-invisible e-con e-child\" data-id=\"2105103\" data-element_type=\"container\" data-e-type=\"container\" data-settings=\"{&quot;animation&quot;:&quot;fadeIn&quot;}\">\n\t\t<div class=\"elementor-element elementor-element-b4083d5 e-con-full e-flex e-con e-child\" data-id=\"b4083d5\" data-element_type=\"container\" data-e-type=\"container\">\n\t\t\t\t<div class=\"elementor-element elementor-element-d78213c elementor-widget elementor-widget-image\" data-id=\"d78213c\" data-element_type=\"widget\" data-e-type=\"widget\" data-widget_type=\"image.default\">\n\t\t\t\t\t\t\t\t\t\t\t\t\t\t\t<img fetchpriority=\"high\" decoding=\"async\" width=\"768\" height=\"1024\" src=\"https:\/\/ruemoliere.net\/wp-content\/uploads\/2026\/02\/IMG_8920-768x1024.jpeg\" class=\"attachment-large size-large wp-image-581\" alt=\"\" srcset=\"https:\/\/ruemoliere.net\/wp-content\/uploads\/2026\/02\/IMG_8920-768x1024.jpeg 768w, https:\/\/ruemoliere.net\/wp-content\/uploads\/2026\/02\/IMG_8920-225x300.jpeg 225w, https:\/\/ruemoliere.net\/wp-content\/uploads\/2026\/02\/IMG_8920-1152x1536.jpeg 1152w, https:\/\/ruemoliere.net\/wp-content\/uploads\/2026\/02\/IMG_8920-1536x2048.jpeg 1536w, https:\/\/ruemoliere.net\/wp-content\/uploads\/2026\/02\/IMG_8920-scaled.jpeg 1920w\" sizes=\"(max-width: 768px) 100vw, 768px\" \/>\t\t\t\t\t\t\t\t\t\t\t\t\t\t\t<\/div>\n\t\t\t\t<div class=\"elementor-element elementor-element-898d5b9 elementor-widget-mobile__width-inherit elementor-widget elementor-widget-heading\" data-id=\"898d5b9\" data-element_type=\"widget\" data-e-type=\"widget\" data-widget_type=\"heading.default\">\n\t\t\t\t\t<h3 class=\"elementor-heading-title elementor-size-default\">STRATEGY &amp; STORYTELLING<\/h3>\t\t\t\t<\/div>\n\t\t\t\t<div class=\"elementor-element elementor-element-8539892 elementor-widget-mobile__width-initial elementor-widget elementor-widget-text-editor\" data-id=\"8539892\" data-element_type=\"widget\" data-e-type=\"widget\" data-widget_type=\"text-editor.default\">\n\t\t\t\t\t\t\t\t\t<p>Before publishing, we set out a clear vision. Before we accelerate, we structure. Strategy is the foundation of your desirability.<\/p>\t\t\t\t\t\t\t\t<\/div>\n\t\t\t\t<\/div>\n\t\t<div class=\"elementor-element elementor-element-cd5aee3 e-con-full e-flex e-con e-child\" data-id=\"cd5aee3\" data-element_type=\"container\" data-e-type=\"container\">\n\t\t\t\t<div class=\"elementor-element elementor-element-93c9d91 elementor-widget elementor-widget-image\" data-id=\"93c9d91\" data-element_type=\"widget\" data-e-type=\"widget\" data-widget_type=\"image.default\">\n\t\t\t\t\t\t\t\t\t\t\t\t\t\t\t<img decoding=\"async\" width=\"768\" height=\"1024\" src=\"https:\/\/ruemoliere.net\/wp-content\/uploads\/2026\/02\/IMG_2676-768x1024.jpeg\" class=\"attachment-large size-large wp-image-363\" alt=\"\" srcset=\"https:\/\/ruemoliere.net\/wp-content\/uploads\/2026\/02\/IMG_2676-768x1024.jpeg 768w, https:\/\/ruemoliere.net\/wp-content\/uploads\/2026\/02\/IMG_2676-225x300.jpeg 225w, https:\/\/ruemoliere.net\/wp-content\/uploads\/2026\/02\/IMG_2676-1152x1536.jpeg 1152w, https:\/\/ruemoliere.net\/wp-content\/uploads\/2026\/02\/IMG_2676-1536x2048.jpeg 1536w, https:\/\/ruemoliere.net\/wp-content\/uploads\/2026\/02\/IMG_2676-scaled.jpeg 1920w\" sizes=\"(max-width: 768px) 100vw, 768px\" \/>\t\t\t\t\t\t\t\t\t\t\t\t\t\t\t<\/div>\n\t\t\t\t<div class=\"elementor-element elementor-element-ab6b9ce elementor-widget-mobile__width-inherit elementor-widget__width-initial elementor-widget elementor-widget-heading\" data-id=\"ab6b9ce\" data-element_type=\"widget\" data-e-type=\"widget\" data-widget_type=\"heading.default\">\n\t\t\t\t\t<h3 class=\"elementor-heading-title elementor-size-default\">CONTENT CREATION\n<\/h3>\t\t\t\t<\/div>\n\t\t\t\t<div class=\"elementor-element elementor-element-c358496 elementor-widget-mobile__width-initial elementor-widget elementor-widget-text-editor\" data-id=\"c358496\" data-element_type=\"widget\" data-e-type=\"widget\" data-widget_type=\"text-editor.default\">\n\t\t\t\t\t\t\t\t\t<p>Creating beauty isn't enough. We create meaning, rhythm and a recognizable signature.<\/p>\t\t\t\t\t\t\t\t<\/div>\n\t\t\t\t<\/div>\n\t\t<div class=\"elementor-element elementor-element-23ff3e8 e-con-full e-flex e-con e-child\" data-id=\"23ff3e8\" data-element_type=\"container\" data-e-type=\"container\">\n\t\t\t\t<div class=\"elementor-element elementor-element-8243928 elementor-widget elementor-widget-image\" data-id=\"8243928\" data-element_type=\"widget\" data-e-type=\"widget\" data-widget_type=\"image.default\">\n\t\t\t\t\t\t\t\t\t\t\t\t\t\t\t<img decoding=\"async\" width=\"768\" height=\"1024\" src=\"https:\/\/ruemoliere.net\/wp-content\/uploads\/2026\/02\/IMG_3241-768x1024.jpeg\" class=\"attachment-large size-large wp-image-460\" alt=\"\" srcset=\"https:\/\/ruemoliere.net\/wp-content\/uploads\/2026\/02\/IMG_3241-768x1024.jpeg 768w, https:\/\/ruemoliere.net\/wp-content\/uploads\/2026\/02\/IMG_3241-225x300.jpeg 225w, https:\/\/ruemoliere.net\/wp-content\/uploads\/2026\/02\/IMG_3241-1152x1536.jpeg 1152w, https:\/\/ruemoliere.net\/wp-content\/uploads\/2026\/02\/IMG_3241-1536x2048.jpeg 1536w, https:\/\/ruemoliere.net\/wp-content\/uploads\/2026\/02\/IMG_3241-scaled.jpeg 1920w\" sizes=\"(max-width: 768px) 100vw, 768px\" \/>\t\t\t\t\t\t\t\t\t\t\t\t\t\t\t<\/div>\n\t\t\t\t<div class=\"elementor-element elementor-element-257de0f elementor-widget-mobile__width-inherit elementor-widget elementor-widget-heading\" data-id=\"257de0f\" data-element_type=\"widget\" data-e-type=\"widget\" data-widget_type=\"heading.default\">\n\t\t\t\t\t<h3 class=\"elementor-heading-title elementor-size-default\">COMMUNITY MANAGEMENT\n<\/h3>\t\t\t\t<\/div>\n\t\t\t\t<div class=\"elementor-element elementor-element-ecfdf08 elementor-widget-mobile__width-initial elementor-widget elementor-widget-text-editor\" data-id=\"ecfdf08\" data-element_type=\"widget\" data-e-type=\"widget\" data-widget_type=\"text-editor.default\">\n\t\t\t\t\t\t\t\t\t<p>Your image is played out in every detail. Every response, every interaction, every silence.<\/p>\t\t\t\t\t\t\t\t<\/div>\n\t\t\t\t<\/div>\n\t\t<div class=\"elementor-element elementor-element-ea9474e e-con-full e-flex e-con e-child\" data-id=\"ea9474e\" data-element_type=\"container\" data-e-type=\"container\">\n\t\t\t\t<div class=\"elementor-element elementor-element-a0aa256 elementor-widget elementor-widget-image\" data-id=\"a0aa256\" data-element_type=\"widget\" data-e-type=\"widget\" data-widget_type=\"image.default\">\n\t\t\t\t\t\t\t\t\t\t\t\t\t\t\t<img loading=\"lazy\" decoding=\"async\" width=\"768\" height=\"1024\" src=\"https:\/\/ruemoliere.net\/wp-content\/uploads\/2026\/03\/FACADE-ET-INT-1-sur-1-768x1024.jpeg\" class=\"attachment-large size-large wp-image-621\" alt=\"\" srcset=\"https:\/\/ruemoliere.net\/wp-content\/uploads\/2026\/03\/FACADE-ET-INT-1-sur-1-768x1024.jpeg 768w, https:\/\/ruemoliere.net\/wp-content\/uploads\/2026\/03\/FACADE-ET-INT-1-sur-1-225x300.jpeg 225w, https:\/\/ruemoliere.net\/wp-content\/uploads\/2026\/03\/FACADE-ET-INT-1-sur-1-1152x1536.jpeg 1152w, https:\/\/ruemoliere.net\/wp-content\/uploads\/2026\/03\/FACADE-ET-INT-1-sur-1-1536x2048.jpeg 1536w, https:\/\/ruemoliere.net\/wp-content\/uploads\/2026\/03\/FACADE-ET-INT-1-sur-1-scaled.jpeg 1920w\" sizes=\"(max-width: 768px) 100vw, 768px\" \/>\t\t\t\t\t\t\t\t\t\t\t\t\t\t\t<\/div>\n\t\t\t\t<div class=\"elementor-element elementor-element-fae834d elementor-widget-mobile__width-inherit elementor-widget elementor-widget-heading\" data-id=\"fae834d\" data-element_type=\"widget\" data-e-type=\"widget\" data-widget_type=\"heading.default\">\n\t\t\t\t\t<h3 class=\"elementor-heading-title elementor-size-default\">SOCIAL ADS<\/h3>\t\t\t\t<\/div>\n\t\t\t\t<div class=\"elementor-element elementor-element-ad75775 elementor-widget-mobile__width-initial elementor-widget elementor-widget-text-editor\" data-id=\"ad75775\" data-element_type=\"widget\" data-e-type=\"widget\" data-widget_type=\"text-editor.default\">\n\t\t\t\t\t\t\t\t\t<p>Visibility is not an expense. It's a lever for acceleration, when managed with precision.<\/p>\t\t\t\t\t\t\t\t<\/div>\n\t\t\t\t<\/div>\n\t\t<div class=\"elementor-element elementor-element-32e8582 e-con-full e-flex e-con e-child\" data-id=\"32e8582\" data-element_type=\"container\" data-e-type=\"container\">\n\t\t\t\t<div class=\"elementor-element elementor-element-11b9878 elementor-widget elementor-widget-image\" data-id=\"11b9878\" data-element_type=\"widget\" data-e-type=\"widget\" data-widget_type=\"image.default\">\n\t\t\t\t\t\t\t\t\t\t\t\t\t\t\t<img loading=\"lazy\" decoding=\"async\" width=\"768\" height=\"1024\" src=\"https:\/\/ruemoliere.net\/wp-content\/uploads\/2026\/02\/IMG_3296-768x1024.jpeg\" class=\"attachment-large size-large wp-image-364\" alt=\"\" srcset=\"https:\/\/ruemoliere.net\/wp-content\/uploads\/2026\/02\/IMG_3296-768x1024.jpeg 768w, https:\/\/ruemoliere.net\/wp-content\/uploads\/2026\/02\/IMG_3296-225x300.jpeg 225w, https:\/\/ruemoliere.net\/wp-content\/uploads\/2026\/02\/IMG_3296-1152x1536.jpeg 1152w, https:\/\/ruemoliere.net\/wp-content\/uploads\/2026\/02\/IMG_3296-1536x2048.jpeg 1536w, https:\/\/ruemoliere.net\/wp-content\/uploads\/2026\/02\/IMG_3296-scaled.jpeg 1920w\" sizes=\"(max-width: 768px) 100vw, 768px\" \/>\t\t\t\t\t\t\t\t\t\t\t\t\t\t\t<\/div>\n\t\t\t\t<div class=\"elementor-element elementor-element-e80c60d elementor-widget-mobile__width-inherit elementor-widget elementor-widget-heading\" data-id=\"e80c60d\" data-element_type=\"widget\" data-e-type=\"widget\" data-widget_type=\"heading.default\">\n\t\t\t\t\t<h3 class=\"elementor-heading-title elementor-size-default\">REPUTATION &amp; STRATEGIC INTELLIGENCE<\/h3>\t\t\t\t<\/div>\n\t\t\t\t<div class=\"elementor-element elementor-element-135049e elementor-widget-mobile__width-initial elementor-widget elementor-widget-text-editor\" data-id=\"135049e\" data-element_type=\"widget\" data-e-type=\"widget\" data-widget_type=\"text-editor.default\">\n\t\t\t\t\t\t\t\t\t<p>Your reputation is built every day. We make sure it's just like you.<\/p>\t\t\t\t\t\t\t\t<\/div>\n\t\t\t\t<\/div>\n\t\t\t\t<\/div>\n\t\t\t\t\t<\/div>\n\t\t\t\t<\/div>\n\t\t<div class=\"elementor-element elementor-element-949962e e-flex e-con-boxed e-con e-parent\" data-id=\"949962e\" data-element_type=\"container\" data-e-type=\"container\" data-settings=\"{&quot;background_background&quot;:&quot;classic&quot;}\">\n\t\t\t\t\t<div class=\"e-con-inner\">\n\t\t<div class=\"elementor-element elementor-element-f30b5d9 e-con-full e-flex e-con e-child\" data-id=\"f30b5d9\" data-element_type=\"container\" data-e-type=\"container\" data-settings=\"{&quot;background_background&quot;:&quot;classic&quot;}\">\n\t\t\t\t<div class=\"elementor-element elementor-element-d3103f9 elementor-widget elementor-widget-image\" data-id=\"d3103f9\" data-element_type=\"widget\" data-e-type=\"widget\" data-widget_type=\"image.default\">\n\t\t\t\t\t\t\t\t\t\t\t\t\t\t\t<img loading=\"lazy\" decoding=\"async\" width=\"800\" height=\"995\" src=\"https:\/\/ruemoliere.net\/wp-content\/uploads\/2026\/01\/FLEUR-2-RUE-MOLIERE-white-823x1024.png\" class=\"attachment-large size-large wp-image-10\" alt=\"\" srcset=\"https:\/\/ruemoliere.net\/wp-content\/uploads\/2026\/01\/FLEUR-2-RUE-MOLIERE-white-823x1024.png 823w, https:\/\/ruemoliere.net\/wp-content\/uploads\/2026\/01\/FLEUR-2-RUE-MOLIERE-white-241x300.png 241w, https:\/\/ruemoliere.net\/wp-content\/uploads\/2026\/01\/FLEUR-2-RUE-MOLIERE-white-768x956.png 768w, https:\/\/ruemoliere.net\/wp-content\/uploads\/2026\/01\/FLEUR-2-RUE-MOLIERE-white-1234x1536.png 1234w, https:\/\/ruemoliere.net\/wp-content\/uploads\/2026\/01\/FLEUR-2-RUE-MOLIERE-white.png 1500w\" sizes=\"(max-width: 800px) 100vw, 800px\" \/>\t\t\t\t\t\t\t\t\t\t\t\t\t\t\t<\/div>\n\t\t\t\t<div class=\"elementor-element elementor-element-e17d915 elementor-widget__width-initial elementor-widget-mobile__width-initial elementor-invisible elementor-widget elementor-widget-text-editor\" data-id=\"e17d915\" data-element_type=\"widget\" data-e-type=\"widget\" data-settings=\"{&quot;_animation&quot;:&quot;fadeIn&quot;}\" data-widget_type=\"text-editor.default\">\n\t\t\t\t\t\t\t\t\t<p>\u00abI had the pleasure of working with Delphine for 7 years at Relais &amp; Ch\u00e2teaux, where as Head of Social Media she<b>\u00a0<\/b>has been heavily involved in defining and deploying our social media strategy, \nand supporting our members.<br \/>Her expertise, her perfect understanding of the codes of luxury and hospitality, and her professionalism make her a reference in the social media challenges facing our sector.\u00bb<\/p>\t\t\t\t\t\t\t\t<\/div>\n\t\t\t\t<div class=\"elementor-element elementor-element-6d5780f elementor-widget__width-initial elementor-widget-mobile__width-initial elementor-invisible elementor-widget elementor-widget-text-editor\" data-id=\"6d5780f\" data-element_type=\"widget\" data-e-type=\"widget\" data-settings=\"{&quot;_animation&quot;:&quot;fadeIn&quot;}\" data-widget_type=\"text-editor.default\">\n\t\t\t\t\t\t\t\t\t<p>Anthony Torkington, General Manager, Relais &amp; Ch\u00e2teaux<\/p>\t\t\t\t\t\t\t\t<\/div>\n\t\t\t\t<\/div>\n\t\t\t\t\t<\/div>\n\t\t\t\t<\/div>\n\t\t<div class=\"elementor-element elementor-element-f426e41 e-flex e-con-boxed elementor-invisible e-con e-parent\" data-id=\"f426e41\" data-element_type=\"container\" data-e-type=\"container\" data-settings=\"{&quot;animation&quot;:&quot;fadeIn&quot;}\">\n\t\t\t\t\t<div class=\"e-con-inner\">\n\t\t<div class=\"elementor-element elementor-element-3afbe83 e-con-full e-flex e-con e-child\" data-id=\"3afbe83\" data-element_type=\"container\" data-e-type=\"container\">\n\t\t\t\t<div class=\"elementor-element elementor-element-7f2ab9c elementor-invisible elementor-widget elementor-widget-button\" data-id=\"7f2ab9c\" data-element_type=\"widget\" data-e-type=\"widget\" data-settings=\"{&quot;_animation&quot;:&quot;fadeInUp&quot;}\" data-widget_type=\"button.default\">\n\t\t\t\t\t\t\t\t\t\t<a class=\"elementor-button elementor-button-link elementor-size-sm\" href=\"https:\/\/ruemoliere.net\/en\/a-propos\/\">\n\t\t\t\t\t\t<span class=\"elementor-button-content-wrapper\">\n\t\t\t\t\t\t\t\t\t<span class=\"elementor-button-text\">References<\/span>\n\t\t\t\t\t<\/span>\n\t\t\t\t\t<\/a>\n\t\t\t\t\t\t\t\t<\/div>\n\t\t\t\t<\/div>\n\t\t\t\t\t<\/div>\n\t\t\t\t<\/div>\n\t\t<div class=\"elementor-element elementor-element-9304601 e-flex e-con-boxed e-con e-parent\" data-id=\"9304601\" data-element_type=\"container\" data-e-type=\"container\" data-settings=\"{&quot;background_background&quot;:&quot;classic&quot;}\">\n\t\t\t\t\t<div class=\"e-con-inner\">\n\t\t\t\t<div class=\"elementor-element elementor-element-c6f93f3 elementor-invisible elementor-widget elementor-widget-heading\" data-id=\"c6f93f3\" data-element_type=\"widget\" data-e-type=\"widget\" data-settings=\"{&quot;_animation&quot;:&quot;fadeIn&quot;}\" data-widget_type=\"heading.default\">\n\t\t\t\t\t<h2 class=\"elementor-heading-title elementor-size-default\">Let's write the next chapter together<\/h2>\t\t\t\t<\/div>\n\t\t\t\t<div class=\"elementor-element elementor-element-3b60d71 elementor-invisible elementor-widget elementor-widget-button\" data-id=\"3b60d71\" data-element_type=\"widget\" data-e-type=\"widget\" data-settings=\"{&quot;_animation&quot;:&quot;fadeInUp&quot;}\" data-widget_type=\"button.default\">\n\t\t\t\t\t\t\t\t\t\t<a class=\"elementor-button elementor-button-link elementor-size-sm\" href=\"https:\/\/ruemoliere.net\/en\/contact\/\">\n\t\t\t\t\t\t<span class=\"elementor-button-content-wrapper\">\n\t\t\t\t\t\t\t\t\t<span class=\"elementor-button-text\">Let's talk<\/span>\n\t\t\t\t\t<\/span>\n\t\t\t\t\t<\/a>\n\t\t\t\t\t\t\t\t<\/div>\n\t\t\t\t\t<\/div>\n\t\t\t\t<\/div>\n\t\t\t\t<\/div>","protected":false},"excerpt":{"rendered":"<p>R\u00e9v\u00e9ler l\u2019excellence de maisons d\u2019exception Rue Moli\u00e8re magnifie le savoir-faire et l\u2019identit\u00e9 d\u2019h\u00f4tels &amp; restaurants premium,\u00e0 travers des strat\u00e9gies social media sur-mesure,des contenus engageants et orient\u00e9s performance. R\u00e9v\u00e9ler l\u2019excellence STRAT\u00c9GIE &amp; STORYTELLING Avant de publier, nous posons une vision claire. Avant d\u2019acc\u00e9l\u00e9rer, nous structurons. La strat\u00e9gie est le socle de votre d\u00e9sirabilit\u00e9. CREATION DE CONTENU [&hellip;]<\/p>\n","protected":false},"author":1,"featured_media":0,"parent":0,"menu_order":0,"comment_status":"closed","ping_status":"closed","template":"elementor_header_footer","meta":{"footnotes":""},"class_list":["post-15","page","type-page","status-publish","hentry"],"_links":{"self":[{"href":"https:\/\/ruemoliere.net\/en\/wp-json\/wp\/v2\/pages\/15","targetHints":{"allow":["GET"]}}],"collection":[{"href":"https:\/\/ruemoliere.net\/en\/wp-json\/wp\/v2\/pages"}],"about":[{"href":"https:\/\/ruemoliere.net\/en\/wp-json\/wp\/v2\/types\/page"}],"author":[{"embeddable":true,"href":"https:\/\/ruemoliere.net\/en\/wp-json\/wp\/v2\/users\/1"}],"replies":[{"embeddable":true,"href":"https:\/\/ruemoliere.net\/en\/wp-json\/wp\/v2\/comments?post=15"}],"version-history":[{"count":244,"href":"https:\/\/ruemoliere.net\/en\/wp-json\/wp\/v2\/pages\/15\/revisions"}],"predecessor-version":[{"id":801,"href":"https:\/\/ruemoliere.net\/en\/wp-json\/wp\/v2\/pages\/15\/revisions\/801"}],"wp:attachment":[{"href":"https:\/\/ruemoliere.net\/en\/wp-json\/wp\/v2\/media?parent=15"}],"curies":[{"name":"wp","href":"https:\/\/api.w.org\/{rel}","templated":true}]}}