{"id":448,"date":"2026-02-14T21:25:22","date_gmt":"2026-02-14T21:25:22","guid":{"rendered":"https:\/\/ruemoliere.net\/?page_id=448"},"modified":"2026-03-06T13:28:47","modified_gmt":"2026-03-06T13:28:47","slug":"references","status":"publish","type":"page","link":"https:\/\/ruemoliere.net\/en\/references\/","title":{"rendered":"References"},"content":{"rendered":"<div data-elementor-type=\"wp-page\" data-elementor-id=\"448\" class=\"elementor elementor-448\" data-elementor-post-type=\"page\">\n\t\t\t\t<div class=\"elementor-element elementor-element-729a0e4 e-flex e-con-boxed e-con e-parent\" data-id=\"729a0e4\" data-element_type=\"container\" data-e-type=\"container\" data-settings=\"{&quot;background_background&quot;:&quot;classic&quot;}\">\n\t\t\t\t\t<div class=\"e-con-inner\">\n\t\t\t\t<div class=\"elementor-element elementor-element-cee89db elementor-widget elementor-widget-heading\" data-id=\"cee89db\" data-element_type=\"widget\" data-e-type=\"widget\" data-widget_type=\"heading.default\">\n\t\t\t\t\t<h1 class=\"elementor-heading-title elementor-size-default\">References<\/h1>\t\t\t\t<\/div>\n\t\t\t\t\t<\/div>\n\t\t\t\t<\/div>\n\t\t<div class=\"elementor-element elementor-element-d0f1f7d e-flex e-con-boxed e-con e-child\" data-id=\"d0f1f7d\" data-element_type=\"container\" data-e-type=\"container\">\n\t\t\t\t\t<div class=\"e-con-inner\">\n\t\t<div class=\"elementor-element elementor-element-73ea48c e-con-full e-flex e-con e-child\" data-id=\"73ea48c\" data-element_type=\"container\" data-e-type=\"container\">\n\t\t<div class=\"elementor-element elementor-element-055bd53 e-con-full e-flex e-con e-child\" data-id=\"055bd53\" data-element_type=\"container\" data-e-type=\"container\">\n\t\t\t\t<div class=\"elementor-element elementor-element-f5215cf elementor-widget elementor-widget-image\" data-id=\"f5215cf\" data-element_type=\"widget\" data-e-type=\"widget\" data-widget_type=\"image.default\">\n\t\t\t\t\t\t\t\t\t\t\t\t\t\t\t<img fetchpriority=\"high\" decoding=\"async\" width=\"683\" height=\"1024\" src=\"https:\/\/ruemoliere.net\/wp-content\/uploads\/2026\/02\/anthony-683x1024.jpg\" class=\"attachment-large size-large wp-image-589\" alt=\"\" srcset=\"https:\/\/ruemoliere.net\/wp-content\/uploads\/2026\/02\/anthony-683x1024.jpg 683w, https:\/\/ruemoliere.net\/wp-content\/uploads\/2026\/02\/anthony-200x300.jpg 200w, https:\/\/ruemoliere.net\/wp-content\/uploads\/2026\/02\/anthony-768x1152.jpg 768w, https:\/\/ruemoliere.net\/wp-content\/uploads\/2026\/02\/anthony-1024x1536.jpg 1024w, https:\/\/ruemoliere.net\/wp-content\/uploads\/2026\/02\/anthony-1365x2048.jpg 1365w, https:\/\/ruemoliere.net\/wp-content\/uploads\/2026\/02\/anthony-scaled.jpg 1707w\" sizes=\"(max-width: 683px) 100vw, 683px\" \/>\t\t\t\t\t\t\t\t\t\t\t\t\t\t\t<\/div>\n\t\t\t\t<\/div>\n\t\t<div class=\"elementor-element elementor-element-4ae05a4 e-con-full e-flex e-con e-child\" data-id=\"4ae05a4\" data-element_type=\"container\" data-e-type=\"container\">\n\t\t\t\t<div class=\"elementor-element elementor-element-ad7960f elementor-widget-mobile__width-initial elementor-widget__width-inherit elementor-widget elementor-widget-text-editor\" data-id=\"ad7960f\" data-element_type=\"widget\" data-e-type=\"widget\" data-widget_type=\"text-editor.default\">\n\t\t\t\t\t\t\t\t\t<p>\u00abI had the pleasure of working with Delphine for 7 years at Relais &amp; Ch\u00e2teaux, where as Head of Social Media she<b>\u00a0<\/b>has been heavily involved in defining and deploying our social media strategy, \nand supporting our members.<br \/>Her expertise, her perfect understanding of the codes of luxury and hospitality, and her professionalism make her a reference in the social media challenges facing our sector.\u00bb<\/p>\t\t\t\t\t\t\t\t<\/div>\n\t\t\t\t<div class=\"elementor-element elementor-element-02c3005 elementor-widget__width-initial elementor-widget-mobile__width-initial elementor-invisible elementor-widget elementor-widget-text-editor\" data-id=\"02c3005\" data-element_type=\"widget\" data-e-type=\"widget\" data-settings=\"{&quot;_animation&quot;:&quot;fadeIn&quot;}\" data-widget_type=\"text-editor.default\">\n\t\t\t\t\t\t\t\t\t<p>Anthony Torkington, General Manager, Relais &amp; Ch\u00e2teaux<\/p>\t\t\t\t\t\t\t\t<\/div>\n\t\t\t\t<\/div>\n\t\t\t\t<\/div>\n\t\t<div class=\"elementor-element elementor-element-d688db4 e-con-full e-flex e-con e-child\" data-id=\"d688db4\" data-element_type=\"container\" data-e-type=\"container\" data-settings=\"{&quot;background_background&quot;:&quot;classic&quot;}\">\n\t\t<div class=\"elementor-element elementor-element-86acbc5 e-con-full e-flex e-con e-child\" data-id=\"86acbc5\" data-element_type=\"container\" data-e-type=\"container\">\n\t\t\t\t<div class=\"elementor-element elementor-element-198d344 elementor-widget elementor-widget-image\" data-id=\"198d344\" data-element_type=\"widget\" data-e-type=\"widget\" data-widget_type=\"image.default\">\n\t\t\t\t\t\t\t\t\t\t\t\t\t\t\t<img decoding=\"async\" width=\"800\" height=\"942\" src=\"https:\/\/ruemoliere.net\/wp-content\/uploads\/2026\/03\/IMG_0928-droite-trans-870x1024.jpg\" class=\"attachment-large size-large wp-image-622\" alt=\"\" srcset=\"https:\/\/ruemoliere.net\/wp-content\/uploads\/2026\/03\/IMG_0928-droite-trans-870x1024.jpg 870w, https:\/\/ruemoliere.net\/wp-content\/uploads\/2026\/03\/IMG_0928-droite-trans-255x300.jpg 255w, https:\/\/ruemoliere.net\/wp-content\/uploads\/2026\/03\/IMG_0928-droite-trans-768x904.jpg 768w, https:\/\/ruemoliere.net\/wp-content\/uploads\/2026\/03\/IMG_0928-droite-trans-1305x1536.jpg 1305w, https:\/\/ruemoliere.net\/wp-content\/uploads\/2026\/03\/IMG_0928-droite-trans-1740x2048.jpg 1740w\" sizes=\"(max-width: 800px) 100vw, 800px\" \/>\t\t\t\t\t\t\t\t\t\t\t\t\t\t\t<\/div>\n\t\t\t\t<\/div>\n\t\t<div class=\"elementor-element elementor-element-78b2739 e-con-full e-flex e-con e-child\" data-id=\"78b2739\" data-element_type=\"container\" data-e-type=\"container\">\n\t\t\t\t<div class=\"elementor-element elementor-element-823d0a4 elementor-widget-mobile__width-initial elementor-widget__width-inherit elementor-widget elementor-widget-text-editor\" data-id=\"823d0a4\" data-element_type=\"widget\" data-e-type=\"widget\" data-widget_type=\"text-editor.default\">\n\t\t\t\t\t\t\t\t\t<div>\u00abI had the pleasure of working with Delphine when I was Director of Communications and Sustainable Development at Relais &amp; Ch\u00e2teaux. I particularly appreciated her ability to combine a strategic and aesthetic vision to ambitiously develop the brand on the networks. Delphine is also rigorous and pragmatic, capable of adapting to operational constraints to bring projects to fruition on time.\u00bb<\/div>\t\t\t\t\t\t\t\t<\/div>\n\t\t\t\t<div class=\"elementor-element elementor-element-4169f38 elementor-widget__width-initial elementor-widget-mobile__width-initial elementor-invisible elementor-widget elementor-widget-text-editor\" data-id=\"4169f38\" data-element_type=\"widget\" data-e-type=\"widget\" data-settings=\"{&quot;_animation&quot;:&quot;fadeIn&quot;}\" data-widget_type=\"text-editor.default\">\n\t\t\t\t\t\t\t\t\t<p>Ga\u00eblle Le Gall Nicolas - Chief Brand and Marketing Officer - Strategic Advisory<\/p>\t\t\t\t\t\t\t\t<\/div>\n\t\t\t\t<\/div>\n\t\t\t\t<\/div>\n\t\t<div class=\"elementor-element elementor-element-a6ae256 e-con-full e-flex e-con e-child\" data-id=\"a6ae256\" data-element_type=\"container\" data-e-type=\"container\" data-settings=\"{&quot;background_background&quot;:&quot;classic&quot;}\">\n\t\t<div class=\"elementor-element elementor-element-55d82a4 e-con-full e-flex e-con e-child\" data-id=\"55d82a4\" data-element_type=\"container\" data-e-type=\"container\">\n\t\t\t\t<div class=\"elementor-element elementor-element-6498dcc elementor-widget elementor-widget-image\" data-id=\"6498dcc\" data-element_type=\"widget\" data-e-type=\"widget\" data-widget_type=\"image.default\">\n\t\t\t\t\t\t\t\t\t\t\t\t\t\t\t<img decoding=\"async\" width=\"800\" height=\"1000\" src=\"https:\/\/ruemoliere.net\/wp-content\/uploads\/2026\/02\/AURELIE-ALMAE-819x1024.jpg\" class=\"attachment-large size-large wp-image-484\" alt=\"\" srcset=\"https:\/\/ruemoliere.net\/wp-content\/uploads\/2026\/02\/AURELIE-ALMAE-819x1024.jpg 819w, https:\/\/ruemoliere.net\/wp-content\/uploads\/2026\/02\/AURELIE-ALMAE-240x300.jpg 240w, https:\/\/ruemoliere.net\/wp-content\/uploads\/2026\/02\/AURELIE-ALMAE-768x960.jpg 768w, https:\/\/ruemoliere.net\/wp-content\/uploads\/2026\/02\/AURELIE-ALMAE-1228x1536.jpg 1228w, https:\/\/ruemoliere.net\/wp-content\/uploads\/2026\/02\/AURELIE-ALMAE.jpg 1246w\" sizes=\"(max-width: 800px) 100vw, 800px\" \/>\t\t\t\t\t\t\t\t\t\t\t\t\t\t\t<\/div>\n\t\t\t\t<\/div>\n\t\t<div class=\"elementor-element elementor-element-32d01d1 e-con-full e-flex e-con e-child\" data-id=\"32d01d1\" data-element_type=\"container\" data-e-type=\"container\">\n\t\t\t\t<div class=\"elementor-element elementor-element-ee6fd81 elementor-widget-mobile__width-initial elementor-widget__width-inherit elementor-widget elementor-widget-text-editor\" data-id=\"ee6fd81\" data-element_type=\"widget\" data-e-type=\"widget\" data-widget_type=\"text-editor.default\">\n\t\t\t\t\t\t\t\t\t<p>\u00abWe were lucky enough to be Rue Moli\u00e8re's first client, and the collaboration has been a real success ever since. The agency stands out for its creativity, its keen understanding of the Relais &amp; Ch\u00e2teaux world and its professionalism. Responsive, available and always a source of new ideas, Delphine knows how to enhance the value of our properties with elegance and precision. We warmly recommend her agency to any establishment wishing to strengthen its online presence with coherence, refinement and always a human dimension.\u00bb<\/p>\t\t\t\t\t\t\t\t<\/div>\n\t\t\t\t<div class=\"elementor-element elementor-element-0f2e24c elementor-widget__width-initial elementor-widget-mobile__width-initial elementor-invisible elementor-widget elementor-widget-text-editor\" data-id=\"0f2e24c\" data-element_type=\"widget\" data-e-type=\"widget\" data-settings=\"{&quot;_animation&quot;:&quot;fadeIn&quot;}\" data-widget_type=\"text-editor.default\">\n\t\t\t\t\t\t\t\t\t<p>Aur\u00e9lie Daractz, General Manager, <a href=\"https:\/\/almae-collection.com\/\">ALMAE COLLECTION<\/a><\/p>\t\t\t\t\t\t\t\t<\/div>\n\t\t\t\t<\/div>\n\t\t\t\t<\/div>\n\t\t<div class=\"elementor-element elementor-element-22d47d0 e-con-full e-flex e-con e-child\" data-id=\"22d47d0\" data-element_type=\"container\" data-e-type=\"container\" data-settings=\"{&quot;background_background&quot;:&quot;classic&quot;}\">\n\t\t<div class=\"elementor-element elementor-element-80f7703 e-con-full e-flex e-con e-child\" data-id=\"80f7703\" data-element_type=\"container\" data-e-type=\"container\">\n\t\t\t\t<div class=\"elementor-element elementor-element-d987bb7 elementor-widget elementor-widget-image\" data-id=\"d987bb7\" data-element_type=\"widget\" data-e-type=\"widget\" data-widget_type=\"image.default\">\n\t\t\t\t\t\t\t\t\t\t\t\t\t\t\t<img loading=\"lazy\" decoding=\"async\" width=\"800\" height=\"1000\" src=\"https:\/\/ruemoliere.net\/wp-content\/uploads\/2026\/02\/SOPHIE-CYRIL-ADOMENIL-819x1024.jpg\" class=\"attachment-large size-large wp-image-486\" alt=\"\" srcset=\"https:\/\/ruemoliere.net\/wp-content\/uploads\/2026\/02\/SOPHIE-CYRIL-ADOMENIL-819x1024.jpg 819w, https:\/\/ruemoliere.net\/wp-content\/uploads\/2026\/02\/SOPHIE-CYRIL-ADOMENIL-240x300.jpg 240w, https:\/\/ruemoliere.net\/wp-content\/uploads\/2026\/02\/SOPHIE-CYRIL-ADOMENIL-768x960.jpg 768w, https:\/\/ruemoliere.net\/wp-content\/uploads\/2026\/02\/SOPHIE-CYRIL-ADOMENIL-1229x1536.jpg 1229w, https:\/\/ruemoliere.net\/wp-content\/uploads\/2026\/02\/SOPHIE-CYRIL-ADOMENIL.jpg 1284w\" sizes=\"(max-width: 800px) 100vw, 800px\" \/>\t\t\t\t\t\t\t\t\t\t\t\t\t\t\t<\/div>\n\t\t\t\t<\/div>\n\t\t<div class=\"elementor-element elementor-element-7b8c565 e-con-full e-flex e-con e-child\" data-id=\"7b8c565\" data-element_type=\"container\" data-e-type=\"container\">\n\t\t\t\t<div class=\"elementor-element elementor-element-df890b3 elementor-widget-mobile__width-initial elementor-widget__width-inherit elementor-widget elementor-widget-text-editor\" data-id=\"df890b3\" data-element_type=\"widget\" data-e-type=\"widget\" data-widget_type=\"text-editor.default\">\n\t\t\t\t\t\t\t\t\t<p>\u00abWe recommend Rue Moli\u00e8re for the outstanding quality of its support. Delphine's professionalism is unwavering: she listens attentively to our needs, provides analyses that are always relevant, and is highly responsive. Thanks to her sharp eye, she was able to breathe new life into our social networks, which immediately translated into rave reviews.<\/p><p>She also played a decisive role in the evolution of our identity: taking photos and videos, redesigning our logo, harmonizing our graphic charter, optimizing our customer marketing... Each step was carried out with rigor and creativity.<\/p><p>Her experience with Relais &amp; Ch\u00e2teaux is a real asset, and Delphine instantly grasps the spirit and sensibility of our property. We're very lucky to have had her on our path.\u00bb<\/p>\t\t\t\t\t\t\t\t<\/div>\n\t\t\t\t<div class=\"elementor-element elementor-element-7899828 elementor-widget__width-initial elementor-widget-mobile__width-initial elementor-invisible elementor-widget elementor-widget-text-editor\" data-id=\"7899828\" data-element_type=\"widget\" data-e-type=\"widget\" data-settings=\"{&quot;_animation&quot;:&quot;fadeIn&quot;}\" data-widget_type=\"text-editor.default\">\n\t\t\t\t\t\t\t\t\t<p><a href=\"https:\/\/www.instagram.com\/chateaudadomenil\/\">Sophie &amp; Cyril Leclerc, owners of Ch\u00e2teau d'Adomenil, Relais &amp; Ch\u00e2teaux.                                  One Michelin star<\/a><\/p>\t\t\t\t\t\t\t\t<\/div>\n\t\t\t\t<\/div>\n\t\t\t\t<\/div>\n\t\t\t\t\t<\/div>\n\t\t\t\t<\/div>\n\t\t<div class=\"elementor-element elementor-element-b67e049 e-flex e-con-boxed e-con e-parent\" data-id=\"b67e049\" data-element_type=\"container\" data-e-type=\"container\" data-settings=\"{&quot;background_background&quot;:&quot;classic&quot;}\">\n\t\t\t\t\t<div class=\"e-con-inner\">\n\t\t\t\t<div class=\"elementor-element elementor-element-3dbd248 elementor-invisible elementor-widget elementor-widget-heading\" data-id=\"3dbd248\" data-element_type=\"widget\" data-e-type=\"widget\" data-settings=\"{&quot;_animation&quot;:&quot;fadeIn&quot;}\" data-widget_type=\"heading.default\">\n\t\t\t\t\t<h2 class=\"elementor-heading-title elementor-size-default\">Let's write the next chapter together<\/h2>\t\t\t\t<\/div>\n\t\t\t\t<div class=\"elementor-element elementor-element-bc8aeac elementor-invisible elementor-widget elementor-widget-button\" data-id=\"bc8aeac\" data-element_type=\"widget\" data-e-type=\"widget\" data-settings=\"{&quot;_animation&quot;:&quot;fadeInUp&quot;}\" data-widget_type=\"button.default\">\n\t\t\t\t\t\t\t\t\t\t<a class=\"elementor-button elementor-button-link elementor-size-sm\" href=\"https:\/\/ruemoliere.net\/en\/contact\/\">\n\t\t\t\t\t\t<span class=\"elementor-button-content-wrapper\">\n\t\t\t\t\t\t\t\t\t<span class=\"elementor-button-text\">Let's talk<\/span>\n\t\t\t\t\t<\/span>\n\t\t\t\t\t<\/a>\n\t\t\t\t\t\t\t\t<\/div>\n\t\t\t\t\t<\/div>\n\t\t\t\t<\/div>\n\t\t\t\t<\/div>","protected":false},"excerpt":{"rendered":"<p>R\u00e9f\u00e9rences \u00ab J\u2019ai eu le plaisir de travailler 7 ans avec Delphine chez Relais &amp; Ch\u00e2teaux, o\u00f9 en tant que Head of Social Media elle\u00a0s\u2019est fortement impliqu\u00e9e\u00a0dans\u00a0la d\u00e9finition et le d\u00e9ploiement de notre strat\u00e9gie social media, et l\u2019accompagnement de nos membres.Son expertise, sa parfaite compr\u00e9hension des codes du luxe et de l\u2019hospitalit\u00e9, ainsi que son [&hellip;]<\/p>\n","protected":false},"author":3,"featured_media":0,"parent":0,"menu_order":0,"comment_status":"closed","ping_status":"closed","template":"elementor_header_footer","meta":{"footnotes":""},"class_list":["post-448","page","type-page","status-publish","hentry"],"_links":{"self":[{"href":"https:\/\/ruemoliere.net\/en\/wp-json\/wp\/v2\/pages\/448","targetHints":{"allow":["GET"]}}],"collection":[{"href":"https:\/\/ruemoliere.net\/en\/wp-json\/wp\/v2\/pages"}],"about":[{"href":"https:\/\/ruemoliere.net\/en\/wp-json\/wp\/v2\/types\/page"}],"author":[{"embeddable":true,"href":"https:\/\/ruemoliere.net\/en\/wp-json\/wp\/v2\/users\/3"}],"replies":[{"embeddable":true,"href":"https:\/\/ruemoliere.net\/en\/wp-json\/wp\/v2\/comments?post=448"}],"version-history":[{"count":40,"href":"https:\/\/ruemoliere.net\/en\/wp-json\/wp\/v2\/pages\/448\/revisions"}],"predecessor-version":[{"id":776,"href":"https:\/\/ruemoliere.net\/en\/wp-json\/wp\/v2\/pages\/448\/revisions\/776"}],"wp:attachment":[{"href":"https:\/\/ruemoliere.net\/en\/wp-json\/wp\/v2\/media?parent=448"}],"curies":[{"name":"wp","href":"https:\/\/api.w.org\/{rel}","templated":true}]}}